{"id":101200,"date":"2023-04-14T11:03:30","date_gmt":"2023-04-14T11:03:30","guid":{"rendered":"https:\/\/tourismotion.eu\/?page_id=101200"},"modified":"2023-04-28T11:13:36","modified_gmt":"2023-04-28T11:13:36","slug":"bibliography","status":"publish","type":"page","link":"https:\/\/tourismotion.eu\/index.php\/bibliography\/","title":{"rendered":"Bibliography"},"content":{"rendered":"\n<h2 class=\"wp-block-heading\">SB Sustainable business<\/h2>\n\n\n\n<h3 class=\"wp-block-heading\">Business model<\/h3>\n\n\n\n<p>J\u00f8rgensen, S., &amp; Tynes Pedersen, L. J. (2018). Restart sustainable business model innovation. Springer Nature Switzerland.<\/p>\n\n\n\n<p>Gassmann, O. F. (2016). Exploring the Field of Business Model Innovation. Springer International Publishing.<\/p>\n\n\n\n<p>Osterwalder, A., Clark, T., &amp; Pigneur, Y. (2010). Business Model Generation: A Handbook for Visionaries, Game Changers, and Challengers. Wiley.<\/p>\n\n\n\n<h3 class=\"wp-block-heading\">Netscouting<\/h3>\n\n\n\n<p>Moritz, S. (2009). Service design: practical access to an evolving field. Lulu. com.<\/p>\n\n\n\n<h3 class=\"wp-block-heading\">Interviewing<\/h3>\n\n\n\n<p>IN-DEPTH INTERVIEW A qualitative research technique of conducting intensive individual interviews. <a rel=\"noreferrer noopener\" href=\"https:\/\/www.thisisservicedesigndoing.com\/methods\/in-depth-interview\" target=\"_blank\">https:\/\/www.thisisservicedesigndoing.com\/methods\/in-depth-interview<\/a><\/p>\n\n\n\n<h2 class=\"wp-block-heading\">FT Futures thinking<\/h2>\n\n\n\n<p>Business Finland, Traveller 2030 Scenarios <a href=\"https:\/\/www.businessfinland.fi\/49f292\/globalassets\/julkaisut\/visit-finland\/tutkimukset\/2020\/traveller-2030-scenarios.pdf#:~:text=The%20scenarios%20are%20based%20on%20the%20future%20trends,as%20food%20for%20thought%20and%20support%20innovative%20thinking.\">https:\/\/www.businessfinland.fi\/49f292\/globalassets\/julkaisut\/visit-finland\/tutkimukset\/2020\/traveller-2030-scenarios.pdf#:~:text=The%20scenarios%20are%20based%20on%20the%20future%20trends,as%20food%20for%20thought%20and%20support%20innovative%20thinking.<\/a><\/p>\n\n\n\n<p>Hiltunen, E (2010) Weak Signals in Organizational Futures Learning <a rel=\"noreferrer noopener\" href=\"https:\/\/aaltodoc.aalto.fi\/handle\/123456789\/11544\" target=\"_blank\">https:\/\/aaltodoc.aalto.fi\/handle\/123456789\/11544<\/a><\/p>\n\n\n\n<p>Kohler, K. (2021). Strategic Foresight: Knowledge, Tools, and Methods for the Future. CSS Risk and Resilience Reports.<\/p>\n\n\n\n<p>Mehrabanfar E, Wild Cards Applications in Futures Studies (2014) by International Journal of Modern Management &amp; Foresight. <a rel=\"noreferrer noopener\" href=\"https:\/\/www.researchgate.net\/publication\/283411720_Wild_Cards_Applications_in_Futures_Studies\" target=\"_blank\">https:\/\/www.researchgate.net\/publication\/283411720_Wild_Cards_Applications_in_Futures_Studies<\/a><\/p>\n\n\n\n<p>Merist\u00f6, T., &amp; Laitinen, J. (2021). Foresight Workbook for Practitioners.<\/p>\n\n\n\n<p>OECD, Growth and inequality: A close relationship? <a href=\"https:\/\/www.oecd.org\/economy\/growth-and-inequality-close-relationship.htm\">https:\/\/www.oecd.org\/economy\/growth-and-inequality-close-relationship.htm<\/a><\/p>\n\n\n\n<p>Ota S &amp; M\u00e4ki-Teeri M, Wild Cards and Science Fiction: Free Imagination <a href=\"https:\/\/www.futuresplatform.com\/blog\/wild-cards-and-science-fiction\">https:\/\/www.futuresplatform.com\/blog\/wild-cards-and-science-fiction<\/a><\/p>\n\n\n\n<p>Ponomareva J., Sokolova A. (2015). The Identification of Weak Signals and Wild Cards in Foresight Methodology: Stages and Method.<\/p>\n\n\n\n<p>United Nations, Report of the UN Economist Network for the UN 75th Anniversary Shaping the Trends of Our Time <a href=\"https:\/\/www.un.org\/development\/desa\/publications\/wp-content\/uploads\/sites\/10\/2020\/10\/20-124-UNEN-75Report-ExecSumm-EN-REVISED.pdf\">https:\/\/www.un.org\/development\/desa\/publications\/wp-content\/uploads\/sites\/10\/2020\/10\/20-124-UNEN-75Report-ExecSumm-EN-REVISED.pdf<\/a><\/p>\n\n\n\n<p>United Nations, World Population Prospects 2019 <a href=\"https:\/\/population.un.org\/wpp\/Publications\/Files\/WPP2019_Highlights.pdf\">https:\/\/population.un.org\/wpp\/Publications\/Files\/WPP2019_Highlights.pdf<\/a><\/p>\n\n\n\n<h2 class=\"wp-block-heading\">SM Sustainable manager<\/h2>\n\n\n\n<p>Brundland Commission (1987). Report of the World Commission on Environment and Development: Our Common Future. Available on the internet: https:\/\/sustainabledevelopment.un.org\/content\/documents\/5987our-common-future.pdf<\/p>\n\n\n\n<p>Butkute, A., Gotautiene, E. (2011). Ekologinis marketingas \u2013 konkurencinio pranasumo ir pridetines vert\u0117s garantas verslui. Profesines studijos: teorija ir praktika, No. 8, P. 101\u2013108. Siauliai: Siauliu kolegijos leidybos centras.<\/p>\n\n\n\n<p>Ciegis, R., Ramanauskiene, J., Martinkus, B. (2009) The Concept of Sustainable Development and its Use for Sustainability Scenarios,\u201d No. 2, P. 28-37.<\/p>\n\n\n\n<p>Elkington, J. (1994) Towards the Sustainable Corporation: Win-Win-Win Business Strategies for Sustainable Development. California Management Review, 36, 90-100. Available on the internet: http:\/\/dx.doi.org\/10.2307\/41165746<\/p>\n\n\n\n<p>Florea, L., Cheung, Y. H., &amp; Herndon, N. C. (2013). For all good reasons: Role of values in organizational sustainability. Journal of Business Ethics, 114, 393-408.<\/p>\n\n\n\n<p>Juscius, V., Maliauskait\u0117, D. (2015). Socialiai atsakinga vartojima lemiantys veiksniai ir ji ribojancios priezastys. Regional Formation and Development Studies, No. 1 (15). ISSN 2029-9370. Available on the internet: http:\/\/journals.ku.lt\/index.php\/RFDS\/article\/view\/980.<\/p>\n\n\n\n<p>Kuhlman, T., Farrington, J. (2010). What is Sustainability? Sustainability 2010, No 2, P. 3436-3448; doi:10.3390\/su2113436. Available on the internet: https:\/\/www.mdpi.com\/journal\/sustainability.<\/p>\n\n\n\n<p>Pauzuoliene, J. (2010). Socialines atsakomybes itaka darniai verslo pletrai. Jaunuju mokslininku darbai. No. 1 (26). Klaip\u0117dos universitetas.<\/p>\n\n\n\n<p>Sharma, N., Kushwaha, G. (2019). Eco-labels: A Tool for Green Marketing or Just a Blind Mirror for Customers.<\/p>\n\n\n\n<hr class=\"wp-block-separator has-alpha-channel-opacity\"\/>\n\n\n\n<p>Morton, S., Pencheon, D., Squires, N. (2017) Development Goals (SDGs), and their implementation: A national global framework for health, development and equity needs a systems approach at every level. Available on the internet: https:\/\/pubmed.ncbi.nlm.nih.gov\/29069332\/\u202f\u202f<\/p>\n\n\n\n<p>\u201eSustainable Development Goals\u201c, United Nations (2015). Available on the internet: https:\/\/www.un.org\/sustainabledevelopment\/sustainable-development-goals\/.\u202f<\/p>\n\n\n\n<p>Simanskiene, L., Petrulis, A. (2014). Darnumas ir jo teikiama nauda organizacijoms. Regional Formation and Development Studies. Klaipeda: KU leidykla. Nr. 1 (11); p.221- 229, ISSN 2029- 9370.\u202f<\/p>\n\n\n\n<hr class=\"wp-block-separator has-alpha-channel-opacity\"\/>\n\n\n\n<p>Anderson, W. T., Cunningham, W. H.. (1972). The socially conscious consumer. Journal of Marketing, 36(3), 23\u201331. Available on the internet: https:\/\/doi.org\/10.2307\/1251036.\u202f<\/p>\n\n\n\n<p>D\u2019Astous, A., Legendre, A. (2009). Understanding Consumers\u2019 Ethical Justifications: A Scale for Appraising Consumers\u2019Reasons for Not Behaving Ethically. Journal of Business Ethics 87(2):255-268. DOI:10.1007\/s10551-008-9883-0.\u202f<\/p>\n\n\n\n<p>Jackson, T. (2004). Negotiating Sustainable Consumption: A Review of the Consumption Debate and its Policy Implications. Available on the internet: https:\/\/doi.org\/10.1260\/0958305043026573\u202f\u202f<\/p>\n\n\n\n<p>Ju\u0161\u010dius, V., Maliauskait\u0117, D. (2015). Socialiai atsaking\u0105 vartojim\u0105 lemiantys veiksniai ir j\u012f ribojan\u010dios prie\u017eastys. Regional FoRmation and development StudieS, No. 1 (15).\u202f ISSN 2029-9370. Available on the internet: http:\/\/journals.ku.lt\/index.php\/RFDS\/article\/view\/980\u202f\u202f<\/p>\n\n\n\n<p>Kov\u00e1cs, I., Valk\u00f3, G. (2013). Sustainable consumption \u2013 consumers\u2019 reactions to CSR activities in Hungary. Regional statistics,\u202f vol. 3, P. 141\u2013154.\u202f<\/p>\n\n\n\n<p>Lu, L., Bock, D., Joseph, M. (2013). Green marketing: what the Millennials buy. Journal of Business Strategy, 34(6), 3-10. doi: 10.1105\/JBS-05-2013-0036.\u202f<\/p>\n\n\n\n<p>Ozkan, Y. (2009). The effect of some demographic characteristics of turkish consumers on their socially responsible consumption behaviours. World applied sciences Journal 6 (7): 946\u2013960. Available on the internet: http:\/\/www.idosi.org\/wasj\/wasj6(7)\/12.pdf\u202f\u202f<\/p>\n\n\n\n<p>Rettie, R., Barnham, C., Burchell, K. (2011). Social normalisation and consumer behaviour: Using marketing to make green normal Working Research Paper 8. London: Kingston University Business School.\u202f<\/p>\n\n\n\n<hr class=\"wp-block-separator has-alpha-channel-opacity\"\/>\n\n\n\n<p>Fache, W. (2000) Methodologies for innovation and improvement of services in tourism. Managing Service Quality: An International Journal, Vol. 10 issue 6, P. 356 \u2013 366.<\/p>\n\n\n\n<p>Faracik, R. (2006) Potrzeby i motywacje turystyczne. In Turystyka (chapter 4). Warszawa, Holloway, Taylor.<\/p>\n\n\n\n<p>Ratten, V., Tsiotsou, R. (2010) Future research directions in tourism marketing. Marketing Intelligence &amp; Planning, Vol. 28, issue 4, P. 533 \u2013 544.<\/p>\n\n\n\n<p>Rudnicki, L. (2010) Zachowania konsument\u00f3w na rynku turystycznym. Krak\u00f3w, 2010.<\/p>\n\n\n\n<p>Torres-Delgado, A., Lopez Palomeque, F. (2012) The growth and spread of the concept of sustainable tourism: The contribution of institutional initiatives to tourism policy. Tourism Management Perspectives, Vol. 4, P. 1\u201310.<\/p>\n\n\n\n<p>Tsung Hung Lee, FenHauh, Jan (2019) Can community-based tourism contribute to sustainable development? Evidence from residents\u2019 perceptions of the sustainability. Tourism Management Vol. 70, P. 368\u2013380.<\/p>\n\n\n\n<p>UUNWTO Tourism Highlights. World Tourism Organization, 2016.<\/p>\n\n\n\n<p>Chen, Y.G., Chen, Z.G., HO, J.V., CHUNG-SHING, L. (2009) In depth tourism influences on service innovation. International Journal of Culture, Tourism and Hospitality Research, Vol. 3 (4), P. 326\u2013336.<\/p>\n\n\n\n<hr class=\"wp-block-separator has-alpha-channel-opacity\"\/>\n\n\n\n<p>Alhamad, A., Eneizan, B. (2019). Green Marketing Strategies: Theoretical Approach. American Journal of Economics and Business Management 2(2):77-94. DOI: 10.31150\/ajebm.Vol2.Iss2.69.<\/p>\n\n\n\n<p>Jones, P., Clarke-Hill, C., Comfort, D., Hillier, D. (2007). Marketing and sustainability. Marketing Intelligence and Planning, 26(2), 123\u2013130.<\/p>\n\n\n\n<p>Li\u0161kova, Z. D., Cudlinova, E., Partlova, P., Petr, D. (2016). Importance of Green Marketing and Its Potential. Visegrad Journal on Bioeconomy and Sustainable Development, page range: 61 \u2013 64. DOI: https:\/\/doi.org\/10.1515\/vjbsd-2016-0012.<\/p>\n\n\n\n<p>Yusiana, R., Widodo, A., Hidayat, A. M. (2020). Green Marketing: Perspective of 4P\u2019s. Economics, Business and Management Research, Series volume number 141. DOI:10.2991\/aebmr.k.200514.024<\/p>\n\n\n\n<p><a href=\"\"><\/a><\/p>\n\n\n\n<div class=\"wp-block-buttons is-layout-flex wp-block-buttons-is-layout-flex\">\n<div class=\"wp-block-button\"><a class=\"wp-block-button__link wp-element-button\" href=\"https:\/\/tourismotion.eu\/index.php\/certificate\/\">Previous page<\/a><\/div>\n\n\n\n<div class=\"wp-block-button\"><a class=\"wp-block-button__link wp-element-button\" href=\"https:\/\/tourismotion.eu\/index.php\/online-course\/teach-with-motion\/\">Next page<\/a><\/div>\n<\/div>\n","protected":false},"excerpt":{"rendered":"<p>SB Sustainable business Business model J\u00f8rgensen, S., &amp; Tynes Pedersen, L. J. (2018). Restart sustainable business model innovation. Springer Nature Switzerland. Gassmann, O. F. (2016). Exploring the Field of Business Model Innovation. Springer International Publishing. Osterwalder, A., Clark, T., &amp; Pigneur, Y. (2010). Business Model Generation: A Handbook for Visionaries, Game Changers, and Challengers. Wiley. [&hellip;]<\/p>\n","protected":false},"author":1110,"featured_media":0,"parent":0,"menu_order":0,"comment_status":"closed","ping_status":"closed","template":"","meta":{"footnotes":""},"class_list":["post-101200","page","type-page","status-publish","hentry"],"blocksy_meta":{"vertical_spacing_source":"custom"},"_links":{"self":[{"href":"https:\/\/tourismotion.eu\/index.php\/wp-json\/wp\/v2\/pages\/101200","targetHints":{"allow":["GET"]}}],"collection":[{"href":"https:\/\/tourismotion.eu\/index.php\/wp-json\/wp\/v2\/pages"}],"about":[{"href":"https:\/\/tourismotion.eu\/index.php\/wp-json\/wp\/v2\/types\/page"}],"author":[{"embeddable":true,"href":"https:\/\/tourismotion.eu\/index.php\/wp-json\/wp\/v2\/users\/1110"}],"replies":[{"embeddable":true,"href":"https:\/\/tourismotion.eu\/index.php\/wp-json\/wp\/v2\/comments?post=101200"}],"version-history":[{"count":0,"href":"https:\/\/tourismotion.eu\/index.php\/wp-json\/wp\/v2\/pages\/101200\/revisions"}],"wp:attachment":[{"href":"https:\/\/tourismotion.eu\/index.php\/wp-json\/wp\/v2\/media?parent=101200"}],"curies":[{"name":"wp","href":"https:\/\/api.w.org\/{rel}","templated":true}]}}